{"id":971,"date":"2024-03-06T12:06:05","date_gmt":"2024-03-06T11:06:05","guid":{"rendered":"https:\/\/laurenebernard.com\/?page_id=971"},"modified":"2024-03-29T11:54:38","modified_gmt":"2024-03-29T10:54:38","slug":"cgv-mentions-legales","status":"publish","type":"page","link":"https:\/\/laurenebernard.com\/index.php\/cgv-mentions-legales\/","title":{"rendered":"CGV \/ Mentions l\u00e9gales"},"content":{"rendered":"\t\t<div data-elementor-type=\"wp-page\" data-elementor-id=\"971\" class=\"elementor elementor-971\">\n\t\t\t\t<div class=\"elementor-element elementor-element-3db3b8a e-flex e-con-boxed e-con e-parent\" data-id=\"3db3b8a\" data-element_type=\"container\" data-e-type=\"container\">\n\t\t\t\t\t<div class=\"e-con-inner\">\n\t\t\t\t<div class=\"elementor-element elementor-element-94b1535 elementor-widget elementor-widget-heading\" data-id=\"94b1535\" data-element_type=\"widget\" data-e-type=\"widget\" data-widget_type=\"heading.default\">\n\t\t\t\t<div class=\"elementor-widget-container\">\n\t\t\t\t\t<h2 class=\"elementor-heading-title elementor-size-default\">Mentions l\u00e9gales et conditions g\u00e9n\u00e9rales de ventes<\/h2>\t\t\t\t<\/div>\n\t\t\t\t<\/div>\n\t\t\t\t\t<\/div>\n\t\t\t\t<\/div>\n\t\t<div class=\"elementor-element elementor-element-5bf7949 e-flex e-con-boxed e-con e-parent\" data-id=\"5bf7949\" data-element_type=\"container\" data-e-type=\"container\">\n\t\t\t\t\t<div class=\"e-con-inner\">\n\t\t\t\t<div class=\"elementor-element elementor-element-5796c65 elementor-widget elementor-widget-text-editor\" data-id=\"5796c65\" data-element_type=\"widget\" data-e-type=\"widget\" data-widget_type=\"text-editor.default\">\n\t\t\t\t<div class=\"elementor-widget-container\">\n\t\t\t\t\t\t\t\t\t<p><strong><span style=\"text-decoration: underline;\">1 &#8211; A propos le Soci\u00e9t\u00e9 :<\/span><\/strong><\/p><p>Le site https:\/\/laurenebernard.com\/ est la propri\u00e9t\u00e9 exclusive de Laur\u00e8ne Bernard domicili\u00e9e au 20 Chemin des Jonquiers 84210 Pernes les Fontaines. <br \/>E-mail : laurenebernardphotographie@gmail.com <br \/>T\u00e9l\u00e9phone : 0628554083<\/p><p>Laur\u00e8ne Bernard Photographie est une micro entreprise immatricul\u00e9e aupr\u00e8s de la Chambre des M\u00e9tiers et de l&rsquo;Artisanat de la r\u00e9gion PACA.<br \/>N\u00b0 de SIRET : 97786879300018<br \/>Activit\u00e9 photographique Code APE : 7420Z<\/p><p><strong><span style=\"text-decoration: underline;\">2 \u2013 A propos du site :<\/span><\/strong><\/p><p>Le site est \u00e9dit\u00e9 et financ\u00e9 par Laur\u00e8ne Bernard Photographie.<br \/>Il a \u00e9t\u00e9 cr\u00e9\u00e9 sur WordPress et il est h\u00e9berg\u00e9 sur Hostinger dont le si\u00e8ge social est situ\u00e9 61 Lordou Vironos Street, 6023 Larnaca, Chypre, joignable par le moyen suivant : https:\/\/www.hostinger.fr\/contact.<\/p><p><span style=\"text-decoration: underline;\"><strong>3 &#8211; Pr\u00e9ambule :<\/strong><\/span><\/p><p>Les prestations photographiques sont r\u00e9alis\u00e9es selon des contrats ou des devis sp\u00e9cifiques, qui doivent \u00eatre accept\u00e9s et sign\u00e9s par toutes les parties impliqu\u00e9es avant la s\u00e9ance photo.<br \/>Pour les mod\u00e8les mineurs, la pr\u00e9sence et l&rsquo;autorisation d&rsquo;au moins un parent est obligatoire pendant toute la dur\u00e9e de la s\u00e9ance.<br \/>Vous avez la possibilit\u00e9 d&rsquo;\u00eatre accompagn\u00e9 par une personne discr\u00e8te lors de votre s\u00e9ance photo, et je suis \u00e9galement ouvert \u00e0 \u00eatre accompagn\u00e9 si n\u00e9cessaire.<\/p><p><span style=\"text-decoration: underline;\"><strong>4 \u2013 G\u00e9n\u00e9ralit\u00e9 :<\/strong><\/span><\/p><p>Les pr\u00e9sentes conditions ont pour objet de d\u00e9finir les relations contractuelles entre la photographe Laur\u00e8ne Bernard Photographie et le client d\u00e9fini comme tel. Toute commande vaudra acceptation irr\u00e9vocable des conditions indiqu\u00e9es sur le devis sign\u00e9 par le client et la facture correspondante (ou contrat selon conditions).<br \/>Les informations pr\u00e9sentent sur https:\/\/laurenebernard.com\/, non contractuelles, peuvent-\u00eatre modifi\u00e9es \u00e0 tout moment et sans pr\u00e9avis (Site, mentions l\u00e9gales et CGV).<\/p><p><span style=\"text-decoration: underline;\"><strong>5. Dur\u00e9e des s\u00e9ances photographiques :<\/strong><\/span><br \/>La dur\u00e9e d\u2019une s\u00e9ance de prises de vues comprend la pr\u00e9paration, la mise en place, la discussion sur les attitudes, gestuelle et l\u2019esth\u00e9tique, la prise de vue, et le d\u00e9placement sur un ou plusieurs lieux.<br \/>Pour les prestations mariages, tout d\u00e9pendra de la formule prise par le client. Pour une journ\u00e9e compl\u00e8te, je reste jusqu&rsquo;\u00e0 01h maximum. Les heures suppl\u00e9mentaires seront factur\u00e9s 150 euros de l\u2019heure.<\/p><p><span style=\"text-decoration: underline;\"><strong>6. R\u00e9servation des s\u00e9ances et reportage photographiques :<\/strong><\/span><br \/>La r\u00e9servation d\u2019une prestation photographique se fait exclusivement par e-mail ou via Fotostudio.io (suivant les informations de contact fournies sur le site internet du photographe).<br \/>La r\u00e9servation des s\u00e9ances et des reportages photographique ne sera d\u00e9finitive que d\u00e8s la r\u00e9ception d\u2019un e-mail de confirmation, apr\u00e8s r\u00e9ception du contrat\/devis sign\u00e9 pour les reportages et sous r\u00e9serve du paiement de l\u2019acompte.<br \/>Pour r\u00e9server une prestation photographique, le client devra verser un acompte \u00e9quivalant \u00e0 30 % du montant total pr\u00e9vu \u00e0 la signature du devis ou contrat. Le restant d\u00fb devra \u00eatre pay\u00e9 1 semaine avant ou 1 semaine apr\u00e8s la prestation.<br \/>Les tarifs pr\u00e9sents sur un devis ou contrat sont valables pendant une dur\u00e9e de 1 mois.<br \/>Tant que le devis\/contrat n\u2019est pas sign\u00e9 et que l\u2019acompte n\u2019est pas vers\u00e9, la date que vous souhaitiez r\u00e9server peut-\u00eatre attribu\u00e9 \u00e0 une autre personne souhaitant \u00e9galement une prestation photographique \u00e0 une date identique. La r\u00e9servation sera purement annul\u00e9e et sans que le client ne puisse r\u00e9clamer la moindre indemnit\u00e9.<\/p><p><span style=\"text-decoration: underline;\"><strong>7. D\u00e9placement, h\u00e9bergement et restauration :<\/strong><\/span><br \/>Les d\u00e9placements sont compris dans une zone de 30 km autour de Pernes les Fontaines mais la photographe peut se d\u00e9placer plus loin avec quelques frais suppl\u00e9mentaires (frais d\u2019essence, logement, d\u00e9placement train\/avion, etc\u2026)<br \/>Au del\u00e0 de 30 kilom\u00e8tres autour de Pernes les Fontaines, la phtographe facture un suppl\u00e9ment de 0,636 cts d\u2019euros par kilom\u00e8tre.<br \/>Au del\u00e0 de 200 km \u00e0 partir de Pernes les Fontaines : La photographe peut demander un h\u00e9bergement la veille et le soir de l&rsquo;\u00e9v\u00e9nement, \u00e0 la charge du client, soit 2 nuits d\u2019h\u00f4tel dans des conditions descentes.<br \/>Les repas du photographe durant l&rsquo;\u00e9v\u00e9nement restent \u00e0 la charge du client.<\/p><p><span style=\"text-decoration: underline;\"><strong>8. Annulation de la prestation :<\/strong><\/span><br \/>En cas d\u2019annulation de la prestation par le client apr\u00e8s un d\u00e9lai de 14 jours, l\u2019acompte n\u2019est pas restitu\u00e9. Il couvre les frais de pr\u00e9parations et le manque \u00e0 gagner d\u2019une prestation photographique perdue. <br \/>Si la photographe Laur\u00e8ne Bernard Photographie ne peut honorer le contrat pour cas de force majeure, il sera propos\u00e9 dans la mesure du possible un autre prestataire qui sera disponible pour r\u00e9aliser la prestation; dans le cas o\u00f9 aucun accord n\u2019est trouv\u00e9, l\u2019acompte sera rembours\u00e9 int\u00e9gralement au client.<\/p><p><span style=\"text-decoration: underline;\"><strong>9. Livraison des photographies :<\/strong><\/span><br \/>Le d\u00e9lai de remise des photos num\u00e9riques au client par la photographe Laur\u00e8ne Bernard Photographie est de 3 mois pour un mariage. N\u00e9anmoins ce d\u00e9lai peut \u00eatre allong\u00e9 selon certaines conditions particuli\u00e8res, comme le non paiement du solde de la facture.<\/p><p><span style=\"text-decoration: underline;\"><strong>10. Commandes de tirage :<\/strong><\/span> <br \/>Toutes les commandes de tirages photos et autres objets photo pass\u00e9es au travers d&rsquo;une galerie priv\u00e9e en ligne est trait\u00e9e par le site Jingoo.com. La Soci\u00e9t\u00e9 Laur\u00e8ne Bernard Photographie n&rsquo;est pas responsable de la r\u00e9alisation de la commande, de l&#8217;emballage, de l&rsquo;envoie ni de la r\u00e9ception.<\/p><p><span style=\"text-decoration: underline;\"><strong>11. Les garanties :<\/strong><\/span><br \/>&#8211; Avant chaque mariage, un planning de la journ\u00e9e vous sera fourni par mail. Qui en plus des horaires et adresses exactes, vous permettra de faire un r\u00e9capitulatif des photos souhait\u00e9es pour chaque \u00e9tape de la journ\u00e9e.<br \/>&#8211; La photographe est \u00e9quip\u00e9e de deux appareils photo professionnels afin de pr\u00e9venir toute panne \u00e9ventuelle.<br \/>&#8211; Toutes les photos seront tri\u00e9es et retouch\u00e9es avant d\u2019\u00eatre livr\u00e9es.<br \/>&#8211; Toutes les photos sont prisent au format RAW et seront livr\u00e9es apr\u00e8s post-traitement en HD au format jpeg sur une Cl\u00e9 USB et galerie priv\u00e9e en ligne (disponible durant 4 mois).<br \/>&#8211; En cas de forte pluie et si cela n&rsquo;est en aucun cas faisable le jour du mariage, les photos de couple seront reporter \u00e0 une date ult\u00e9rieure.<\/p><p><span style=\"text-decoration: underline;\"><strong>12. Protection des donn\u00e9es :<\/strong><\/span><br \/>Les informations personnelles recueillies lors de la passation d\u2019une commande sont destin\u00e9es exclusivement \u00e0 assurer la gestion de la client\u00e8le et notamment le suivi des r\u00e9servations en vue de la bonne r\u00e9alisation de la prestation command\u00e9e.<br \/>Le photographe s\u2019engage \u00e0 ne pas communiquer ces informations \u00e0 des tiers pour quelque raison que ce soit.<\/p><p><span style=\"text-decoration: underline;\"><strong>13. Droits d\u2019auteur :<\/strong><\/span> <br \/>Les photographies r\u00e9alis\u00e9es lors d\u2019une s\u00e9ance avec le client sont prot\u00e9g\u00e9es selon les r\u00e8gles des articles L 121-1 et la loi du 11 mars 1957 (Code de la Propri\u00e9t\u00e9 Intellectuelle et Droits d\u2019Auteur).<br \/>M\u00eame apr\u00e8s cession des fichiers num\u00e9riques, les photographies restent la propri\u00e9t\u00e9 intellectuelle du photographe et ne sont en cons\u00e9quence pas libres de droit. L\u2019usage commercial par le Client des images de sa s\u00e9ance n\u2019est pas autoris\u00e9, et doit faire l\u2019objet d\u2019un nouvel accord \u00e9crit avec le photographe.<br \/>Toute utilisation personnelle d\u2019une photographie, quelle qu\u2019elle soit et quels qu\u2019en soient les usages (publication sur internet, exposition, &#8230;) doit mentionner le nom de Laur\u00e8ne Bernard Photographie.<br \/>Le client d\u00e9tient les droits d\u2019impression et de reproduction des photos a\u0300 des fins priv\u00e9es uniquement sauf accord pr\u00e9alable.<\/p><p><span style=\"text-decoration: underline;\"><strong>14. Droits \u00e0 l&rsquo;image :<\/strong><\/span><br \/>Le photographe se r\u00e9serve le droit d\u2019utiliser, les photographies qu\u2019il a r\u00e9alis\u00e9es \u00e0 des fins de promotion de son activit\u00e9 (site internet, r\u00e9seaux sociaux, expositions, &#8230;). L&rsquo;usage des photographies ne m\u00e8nera pas \u00e0 des fins susceptibles de nuire aux personnes repr\u00e9sent\u00e9es. Aucune utilisation ne sera faite par le Photographe en dehors de ses propres besoins de communication<br \/>Le client doit marquer son d\u00e9saccord au moment de la signature du contrat. En cas de refus, le client ne pourra refuser l\u2019utilisation de photos sur lesquelles il n\u2019est pas reconnaissable. De m\u00eame, toute photo publi\u00e9e publiquement (internet, r\u00e9seaux sociaux, &#8230;) par le client pourra \u00eatre utilis\u00e9e par le photographe.<\/p>\t\t\t\t\t\t\t\t<\/div>\n\t\t\t\t<\/div>\n\t\t\t\t\t<\/div>\n\t\t\t\t<\/div>\n\t\t<div class=\"elementor-element elementor-element-033d0f0 e-flex e-con-boxed e-con e-parent\" data-id=\"033d0f0\" data-element_type=\"container\" data-e-type=\"container\">\n\t\t\t\t\t<div class=\"e-con-inner\">\n\t\t\t\t<div class=\"elementor-element elementor-element-d1f0526 elementor-align-center elementor-widget elementor-widget-button\" data-id=\"d1f0526\" data-element_type=\"widget\" data-e-type=\"widget\" data-widget_type=\"button.default\">\n\t\t\t\t<div class=\"elementor-widget-container\">\n\t\t\t\t\t\t\t\t\t<div class=\"elementor-button-wrapper\">\n\t\t\t\t\t<a class=\"elementor-button elementor-button-link elementor-size-md\" href=\"https:\/\/laurenebernard.com\/\">\n\t\t\t\t\t\t<span class=\"elementor-button-content-wrapper\">\n\t\t\t\t\t\t\t\t\t<span class=\"elementor-button-text\">Acceuil<\/span>\n\t\t\t\t\t<\/span>\n\t\t\t\t\t<\/a>\n\t\t\t\t<\/div>\n\t\t\t\t\t\t\t\t<\/div>\n\t\t\t\t<\/div>\n\t\t\t\t\t<\/div>\n\t\t\t\t<\/div>\n\t\t\t\t<\/div>\n\t\t","protected":false},"excerpt":{"rendered":"<p>Mentions l\u00e9gales et conditions g\u00e9n\u00e9rales de ventes 1 &#8211; A propos le Soci\u00e9t\u00e9 : Le site https:\/\/laurenebernard.com\/ est la propri\u00e9t\u00e9 exclusive de Laur\u00e8ne Bernard domicili\u00e9e au 20 Chemin des Jonquiers 84210 Pernes les Fontaines. E-mail : laurenebernardphotographie@gmail.com T\u00e9l\u00e9phone : 0628554083 Laur\u00e8ne Bernard Photographie est une micro entreprise immatricul\u00e9e aupr\u00e8s de la Chambre des M\u00e9tiers et [&hellip;]<\/p>\n","protected":false},"author":1,"featured_media":0,"parent":0,"menu_order":0,"comment_status":"closed","ping_status":"closed","template":"","meta":{"ocean_post_layout":"full-width","ocean_both_sidebars_style":"","ocean_both_sidebars_content_width":0,"ocean_both_sidebars_sidebars_width":0,"ocean_sidebar":"","ocean_second_sidebar":"","ocean_disable_margins":"enable","ocean_add_body_class":"","ocean_shortcode_before_top_bar":"","ocean_shortcode_after_top_bar":"","ocean_shortcode_before_header":"","ocean_shortcode_after_header":"","ocean_has_shortcode":"","ocean_shortcode_after_title":"","ocean_shortcode_before_footer_widgets":"","ocean_shortcode_after_footer_widgets":"","ocean_shortcode_before_footer_bottom":"","ocean_shortcode_after_footer_bottom":"","ocean_display_top_bar":"default","ocean_display_header":"default","ocean_header_style":"","ocean_center_header_left_menu":"","ocean_custom_header_template":"","ocean_custom_logo":0,"ocean_custom_retina_logo":0,"ocean_custom_logo_max_width":0,"ocean_custom_logo_tablet_max_width":0,"ocean_custom_logo_mobile_max_width":0,"ocean_custom_logo_max_height":0,"ocean_custom_logo_tablet_max_height":0,"ocean_custom_logo_mobile_max_height":0,"ocean_header_custom_menu":"","ocean_menu_typo_font_family":"","ocean_menu_typo_font_subset":"","ocean_menu_typo_font_size":0,"ocean_menu_typo_font_size_tablet":0,"ocean_menu_typo_font_size_mobile":0,"ocean_menu_typo_font_size_unit":"px","ocean_menu_typo_font_weight":"","ocean_menu_typo_font_weight_tablet":"","ocean_menu_typo_font_weight_mobile":"","ocean_menu_typo_transform":"","ocean_menu_typo_transform_tablet":"","ocean_menu_typo_transform_mobile":"","ocean_menu_typo_line_height":0,"ocean_menu_typo_line_height_tablet":0,"ocean_menu_typo_line_height_mobile":0,"ocean_menu_typo_line_height_unit":"","ocean_menu_typo_spacing":0,"ocean_menu_typo_spacing_tablet":0,"ocean_menu_typo_spacing_mobile":0,"ocean_menu_typo_spacing_unit":"","ocean_menu_link_color":"","ocean_menu_link_color_hover":"","ocean_menu_link_color_active":"","ocean_menu_link_background":"","ocean_menu_link_hover_background":"","ocean_menu_link_active_background":"","ocean_menu_social_links_bg":"","ocean_menu_social_hover_links_bg":"","ocean_menu_social_links_color":"","ocean_menu_social_hover_links_color":"","ocean_disable_title":"on","ocean_disable_heading":"default","ocean_post_title":"","ocean_post_subheading":"","ocean_post_title_style":"","ocean_post_title_background_color":"","ocean_post_title_background":0,"ocean_post_title_bg_image_position":"","ocean_post_title_bg_image_attachment":"","ocean_post_title_bg_image_repeat":"","ocean_post_title_bg_image_size":"","ocean_post_title_height":0,"ocean_post_title_bg_overlay":0.5,"ocean_post_title_bg_overlay_color":"","ocean_disable_breadcrumbs":"default","ocean_breadcrumbs_color":"","ocean_breadcrumbs_separator_color":"","ocean_breadcrumbs_links_color":"","ocean_breadcrumbs_links_hover_color":"","ocean_display_footer_widgets":"default","ocean_display_footer_bottom":"default","ocean_custom_footer_template":"","footnotes":""},"class_list":["post-971","page","type-page","status-publish","hentry","entry"],"yoast_head":"<!-- This site is optimized with the Yoast SEO plugin v27.4 - https:\/\/yoast.com\/product\/yoast-seo-wordpress\/ -->\n<title>CGV \/ Mentions l\u00e9gales - laurenebernard.com<\/title>\n<meta name=\"robots\" content=\"noindex, nofollow\" \/>\n<meta property=\"og:locale\" content=\"fr_FR\" \/>\n<meta property=\"og:type\" content=\"article\" \/>\n<meta property=\"og:title\" content=\"CGV \/ Mentions l\u00e9gales - laurenebernard.com\" \/>\n<meta property=\"og:description\" content=\"Mentions l\u00e9gales et conditions g\u00e9n\u00e9rales de ventes 1 &#8211; A propos le Soci\u00e9t\u00e9 : Le site https:\/\/laurenebernard.com\/ est la propri\u00e9t\u00e9 exclusive de Laur\u00e8ne Bernard domicili\u00e9e au 20 Chemin des Jonquiers 84210 Pernes les Fontaines. E-mail : laurenebernardphotographie@gmail.com T\u00e9l\u00e9phone : 0628554083 Laur\u00e8ne Bernard Photographie est une micro entreprise immatricul\u00e9e aupr\u00e8s de la Chambre des M\u00e9tiers et [&hellip;]\" \/>\n<meta property=\"og:url\" content=\"https:\/\/laurenebernard.com\/index.php\/cgv-mentions-legales\/\" \/>\n<meta property=\"og:site_name\" content=\"laurenebernard.com\" \/>\n<meta property=\"article:publisher\" content=\"https:\/\/www.facebook.com\/profile.php?id=100088381867685\" \/>\n<meta property=\"article:modified_time\" content=\"2024-03-29T10:54:38+00:00\" \/>\n<meta name=\"twitter:card\" content=\"summary_large_image\" \/>\n<meta name=\"twitter:label1\" content=\"Dur\u00e9e de lecture estim\u00e9e\" \/>\n\t<meta name=\"twitter:data1\" content=\"7 minutes\" \/>\n<script type=\"application\/ld+json\" class=\"yoast-schema-graph\">{\"@context\":\"https:\\\/\\\/schema.org\",\"@graph\":[{\"@type\":\"WebPage\",\"@id\":\"https:\\\/\\\/laurenebernard.com\\\/index.php\\\/cgv-mentions-legales\\\/\",\"url\":\"https:\\\/\\\/laurenebernard.com\\\/index.php\\\/cgv-mentions-legales\\\/\",\"name\":\"CGV \\\/ Mentions l\u00e9gales - laurenebernard.com\",\"isPartOf\":{\"@id\":\"https:\\\/\\\/laurenebernard.com\\\/#website\"},\"datePublished\":\"2024-03-06T11:06:05+00:00\",\"dateModified\":\"2024-03-29T10:54:38+00:00\",\"breadcrumb\":{\"@id\":\"https:\\\/\\\/laurenebernard.com\\\/index.php\\\/cgv-mentions-legales\\\/#breadcrumb\"},\"inLanguage\":\"fr-FR\",\"potentialAction\":[{\"@type\":\"ReadAction\",\"target\":[\"https:\\\/\\\/laurenebernard.com\\\/index.php\\\/cgv-mentions-legales\\\/\"]}]},{\"@type\":\"BreadcrumbList\",\"@id\":\"https:\\\/\\\/laurenebernard.com\\\/index.php\\\/cgv-mentions-legales\\\/#breadcrumb\",\"itemListElement\":[{\"@type\":\"ListItem\",\"position\":1,\"name\":\"Accueil\",\"item\":\"https:\\\/\\\/laurenebernard.com\\\/\"},{\"@type\":\"ListItem\",\"position\":2,\"name\":\"CGV \\\/ Mentions l\u00e9gales\"}]},{\"@type\":\"WebSite\",\"@id\":\"https:\\\/\\\/laurenebernard.com\\\/#website\",\"url\":\"https:\\\/\\\/laurenebernard.com\\\/\",\"name\":\"laurenebernard.com\",\"description\":\"Des souvenirs \u00e9ternels pour votre journ\u00e9e de mariage dans le Vaucluse.\",\"publisher\":{\"@id\":\"https:\\\/\\\/laurenebernard.com\\\/#organization\"},\"potentialAction\":[{\"@type\":\"SearchAction\",\"target\":{\"@type\":\"EntryPoint\",\"urlTemplate\":\"https:\\\/\\\/laurenebernard.com\\\/?s={search_term_string}\"},\"query-input\":{\"@type\":\"PropertyValueSpecification\",\"valueRequired\":true,\"valueName\":\"search_term_string\"}}],\"inLanguage\":\"fr-FR\"},{\"@type\":\"Organization\",\"@id\":\"https:\\\/\\\/laurenebernard.com\\\/#organization\",\"name\":\"laurenebernard.com\",\"url\":\"https:\\\/\\\/laurenebernard.com\\\/\",\"logo\":{\"@type\":\"ImageObject\",\"inLanguage\":\"fr-FR\",\"@id\":\"https:\\\/\\\/laurenebernard.com\\\/#\\\/schema\\\/logo\\\/image\\\/\",\"url\":\"https:\\\/\\\/laurenebernard.com\\\/wp-content\\\/uploads\\\/2024\\\/03\\\/cropped-Laurene-Bernard-Photographie-03.png\",\"contentUrl\":\"https:\\\/\\\/laurenebernard.com\\\/wp-content\\\/uploads\\\/2024\\\/03\\\/cropped-Laurene-Bernard-Photographie-03.png\",\"width\":500,\"height\":137,\"caption\":\"laurenebernard.com\"},\"image\":{\"@id\":\"https:\\\/\\\/laurenebernard.com\\\/#\\\/schema\\\/logo\\\/image\\\/\"},\"sameAs\":[\"https:\\\/\\\/www.facebook.com\\\/profile.php?id=100088381867685\",\"https:\\\/\\\/www.instagram.com\\\/laurenebernardphotographie\\\/\"]}]}<\/script>\n<!-- \/ Yoast SEO plugin. -->","yoast_head_json":{"title":"CGV \/ Mentions l\u00e9gales - laurenebernard.com","robots":{"index":"noindex","follow":"nofollow"},"og_locale":"fr_FR","og_type":"article","og_title":"CGV \/ Mentions l\u00e9gales - laurenebernard.com","og_description":"Mentions l\u00e9gales et conditions g\u00e9n\u00e9rales de ventes 1 &#8211; A propos le Soci\u00e9t\u00e9 : Le site https:\/\/laurenebernard.com\/ est la propri\u00e9t\u00e9 exclusive de Laur\u00e8ne Bernard domicili\u00e9e au 20 Chemin des Jonquiers 84210 Pernes les Fontaines. E-mail : laurenebernardphotographie@gmail.com T\u00e9l\u00e9phone : 0628554083 Laur\u00e8ne Bernard Photographie est une micro entreprise immatricul\u00e9e aupr\u00e8s de la Chambre des M\u00e9tiers et [&hellip;]","og_url":"https:\/\/laurenebernard.com\/index.php\/cgv-mentions-legales\/","og_site_name":"laurenebernard.com","article_publisher":"https:\/\/www.facebook.com\/profile.php?id=100088381867685","article_modified_time":"2024-03-29T10:54:38+00:00","twitter_card":"summary_large_image","twitter_misc":{"Dur\u00e9e de lecture estim\u00e9e":"7 minutes"},"schema":{"@context":"https:\/\/schema.org","@graph":[{"@type":"WebPage","@id":"https:\/\/laurenebernard.com\/index.php\/cgv-mentions-legales\/","url":"https:\/\/laurenebernard.com\/index.php\/cgv-mentions-legales\/","name":"CGV \/ Mentions l\u00e9gales - laurenebernard.com","isPartOf":{"@id":"https:\/\/laurenebernard.com\/#website"},"datePublished":"2024-03-06T11:06:05+00:00","dateModified":"2024-03-29T10:54:38+00:00","breadcrumb":{"@id":"https:\/\/laurenebernard.com\/index.php\/cgv-mentions-legales\/#breadcrumb"},"inLanguage":"fr-FR","potentialAction":[{"@type":"ReadAction","target":["https:\/\/laurenebernard.com\/index.php\/cgv-mentions-legales\/"]}]},{"@type":"BreadcrumbList","@id":"https:\/\/laurenebernard.com\/index.php\/cgv-mentions-legales\/#breadcrumb","itemListElement":[{"@type":"ListItem","position":1,"name":"Accueil","item":"https:\/\/laurenebernard.com\/"},{"@type":"ListItem","position":2,"name":"CGV \/ Mentions l\u00e9gales"}]},{"@type":"WebSite","@id":"https:\/\/laurenebernard.com\/#website","url":"https:\/\/laurenebernard.com\/","name":"laurenebernard.com","description":"Des souvenirs \u00e9ternels pour votre journ\u00e9e de mariage dans le Vaucluse.","publisher":{"@id":"https:\/\/laurenebernard.com\/#organization"},"potentialAction":[{"@type":"SearchAction","target":{"@type":"EntryPoint","urlTemplate":"https:\/\/laurenebernard.com\/?s={search_term_string}"},"query-input":{"@type":"PropertyValueSpecification","valueRequired":true,"valueName":"search_term_string"}}],"inLanguage":"fr-FR"},{"@type":"Organization","@id":"https:\/\/laurenebernard.com\/#organization","name":"laurenebernard.com","url":"https:\/\/laurenebernard.com\/","logo":{"@type":"ImageObject","inLanguage":"fr-FR","@id":"https:\/\/laurenebernard.com\/#\/schema\/logo\/image\/","url":"https:\/\/laurenebernard.com\/wp-content\/uploads\/2024\/03\/cropped-Laurene-Bernard-Photographie-03.png","contentUrl":"https:\/\/laurenebernard.com\/wp-content\/uploads\/2024\/03\/cropped-Laurene-Bernard-Photographie-03.png","width":500,"height":137,"caption":"laurenebernard.com"},"image":{"@id":"https:\/\/laurenebernard.com\/#\/schema\/logo\/image\/"},"sameAs":["https:\/\/www.facebook.com\/profile.php?id=100088381867685","https:\/\/www.instagram.com\/laurenebernardphotographie\/"]}]}},"_links":{"self":[{"href":"https:\/\/laurenebernard.com\/index.php\/wp-json\/wp\/v2\/pages\/971","targetHints":{"allow":["GET"]}}],"collection":[{"href":"https:\/\/laurenebernard.com\/index.php\/wp-json\/wp\/v2\/pages"}],"about":[{"href":"https:\/\/laurenebernard.com\/index.php\/wp-json\/wp\/v2\/types\/page"}],"author":[{"embeddable":true,"href":"https:\/\/laurenebernard.com\/index.php\/wp-json\/wp\/v2\/users\/1"}],"replies":[{"embeddable":true,"href":"https:\/\/laurenebernard.com\/index.php\/wp-json\/wp\/v2\/comments?post=971"}],"version-history":[{"count":19,"href":"https:\/\/laurenebernard.com\/index.php\/wp-json\/wp\/v2\/pages\/971\/revisions"}],"predecessor-version":[{"id":1003,"href":"https:\/\/laurenebernard.com\/index.php\/wp-json\/wp\/v2\/pages\/971\/revisions\/1003"}],"wp:attachment":[{"href":"https:\/\/laurenebernard.com\/index.php\/wp-json\/wp\/v2\/media?parent=971"}],"curies":[{"name":"wp","href":"https:\/\/api.w.org\/{rel}","templated":true}]}}